{"id":9,"date":"2020-02-02T12:34:58","date_gmt":"2020-02-02T11:34:58","guid":{"rendered":"http:\/\/goetzelektroservice.net\/?page_id=9"},"modified":"2020-05-05T23:54:34","modified_gmt":"2020-05-05T21:54:34","slug":"blog","status":"publish","type":"page","link":"https:\/\/goetzelektroservice.net\/?page_id=9","title":{"rendered":"\u00dcber uns"},"content":{"rendered":"\n<p>Wir sind ein familiengef\u00fchrter Elektro- Meisterbetrieb mit\ndem Schwerpunkt auf Elektroinstallation im Neu- und Altbau. Seit \u00fcber 10 Jahren planen\nund realisieren wir die W\u00fcnsche und Vorstellungen unserer Kunden. Von\nkonventionellen Installationen bis hin zu Smart Home L\u00f6sungen, sind wir ihr\nkompetenter Ansprechpartner.<\/p>\n\n\n\n<p>Gerne beraten und unterst\u00fctzen wir auch Sie bei Ihrem Projekt.<\/p>\n\n\n\n<div class=\"wp-block-columns is-layout-flex wp-container-5 wp-block-columns-is-layout-flex\">\n<div class=\"wp-block-column is-layout-flow wp-block-column-is-layout-flow\">\n<div class=\"wp-block-group\"><div class=\"wp-block-group__inner-container is-layout-flow wp-block-group-is-layout-flow\">\n<div class=\"wp-block-image\"><figure class=\"aligncenter size-large is-resized\"><img decoding=\"async\" loading=\"lazy\" src=\"http:\/\/goetzelektroservice.net\/wp-content\/uploads\/2020\/03\/cg.jpg\" alt=\"\" class=\"wp-image-178\" width=\"228\" height=\"303\" srcset=\"https:\/\/goetzelektroservice.net\/wp-content\/uploads\/2020\/03\/cg.jpg 756w, https:\/\/goetzelektroservice.net\/wp-content\/uploads\/2020\/03\/cg-225x300.jpg 225w\" sizes=\"(max-width: 228px) 100vw, 228px\" \/><\/figure><\/div>\n\n\n\n<p class=\"has-text-align-center\">Christian G\u00f6tz <br> Elektrotechnikermeister  <\/p>\n<\/div><\/div>\n<\/div>\n\n\n\n<div class=\"wp-block-column is-layout-flow wp-block-column-is-layout-flow\">\n<div class=\"wp-block-group\"><div class=\"wp-block-group__inner-container is-layout-flow wp-block-group-is-layout-flow\">\n<div class=\"wp-block-image\"><figure class=\"aligncenter size-large is-resized\"><img decoding=\"async\" loading=\"lazy\" src=\"http:\/\/goetzelektroservice.net\/wp-content\/uploads\/2020\/03\/ug.jpg\" alt=\"\" class=\"wp-image-179\" width=\"228\" height=\"301\"\/><\/figure><\/div>\n\n\n\n<p class=\"has-text-align-center\">Uwe G\u00f6tz <br>Elektroinstallateur <\/p>\n<\/div><\/div>\n<\/div>\n<\/div>\n","protected":false},"excerpt":{"rendered":"<p>Wir sind ein familiengef\u00fchrter Elektro- Meisterbetrieb mit dem Schwerpunkt auf Elektroinstallation im Neu- und Altbau. Seit \u00fcber 10 Jahren planen und realisieren wir die W\u00fcnsche und Vorstellungen unserer Kunden. Von konventionellen Installationen bis hin zu Smart Home L\u00f6sungen, sind wir ihr kompetenter Ansprechpartner. Gerne beraten und unterst\u00fctzen wir auch Sie bei Ihrem Projekt. Christian G\u00f6tz Elektrotechnikermeister Uwe G\u00f6tz Elektroinstallateur<\/p>\n","protected":false},"author":1,"featured_media":0,"parent":0,"menu_order":0,"comment_status":"closed","ping_status":"closed","template":"","meta":{"footnotes":""},"aioseo_notices":[],"_links":{"self":[{"href":"https:\/\/goetzelektroservice.net\/index.php?rest_route=\/wp\/v2\/pages\/9"}],"collection":[{"href":"https:\/\/goetzelektroservice.net\/index.php?rest_route=\/wp\/v2\/pages"}],"about":[{"href":"https:\/\/goetzelektroservice.net\/index.php?rest_route=\/wp\/v2\/types\/page"}],"author":[{"embeddable":true,"href":"https:\/\/goetzelektroservice.net\/index.php?rest_route=\/wp\/v2\/users\/1"}],"replies":[{"embeddable":true,"href":"https:\/\/goetzelektroservice.net\/index.php?rest_route=%2Fwp%2Fv2%2Fcomments&post=9"}],"version-history":[{"count":11,"href":"https:\/\/goetzelektroservice.net\/index.php?rest_route=\/wp\/v2\/pages\/9\/revisions"}],"predecessor-version":[{"id":352,"href":"https:\/\/goetzelektroservice.net\/index.php?rest_route=\/wp\/v2\/pages\/9\/revisions\/352"}],"wp:attachment":[{"href":"https:\/\/goetzelektroservice.net\/index.php?rest_route=%2Fwp%2Fv2%2Fmedia&parent=9"}],"curies":[{"name":"wp","href":"https:\/\/api.w.org\/{rel}","templated":true}]}}