{"id":142,"date":"2020-02-10T20:49:39","date_gmt":"2020-02-10T19:49:39","guid":{"rendered":"http:\/\/goetzelektroservice.net\/?page_id=142"},"modified":"2020-02-10T20:49:39","modified_gmt":"2020-02-10T19:49:39","slug":"datenschutzerklaerung","status":"publish","type":"page","link":"https:\/\/goetzelektroservice.net\/?page_id=142","title":{"rendered":"Datenschutzerkl\u00e4rung"},"content":{"rendered":"\n<h4 class=\"wp-block-heading\">Datenschutzbestimmung<\/h4>\n\n\n\n<p>    <br> 1. Datenschutz auf einen Blick<br><br> Allgemeine Hinweise<br><br> Die folgenden Hinweise geben einen einfachen \u00dcberblick dar\u00fcber, was mit  Ihren personenbezogenen Daten passiert, wenn Sie diese Website besuchen.  Personenbezogene Daten sind alle Daten, mit denen Sie pers\u00f6nlich  identifiziert werden k\u00f6nnen. Ausf\u00fchrliche Informationen zum Thema  Datenschutz entnehmen Sie unserer unter diesem Text aufgef\u00fchrten  Datenschutzerkl\u00e4rung.<br><br> Datenerfassung auf dieser Website<br><br> Wer ist verantwortlich f\u00fcr die Datenerfassung auf dieser Website? Die  Datenverarbeitung auf dieser Website erfolgt durch den Websitebetreiber.  Dessen Kontaktdaten k\u00f6nnen Sie dem Impressum dieser Website entnehmen.<br><br> Wie erfassen wir Ihre Daten?<br><br> Ihre Daten werden zum einen dadurch erhoben, dass Sie uns diese  mitteilen. Hierbei kann es sich z. B. um Daten handeln, die Sie in ein  Kontaktformular eingeben. Andere Daten werden automatisch beim Besuch  der Website durch unsere IT-Systeme erfasst. Das sind vor allem  technische Daten (z. B. Internetbrowser, Betriebssystem oder Uhrzeit des  Seitenaufrufs). Die Erfassung dieser Daten erfolgt automatisch, sobald  Sie diese Website betreten.<br><br> Wof\u00fcr nutzen wir Ihre Daten?<br><br> Ein Teil der Daten wird erhoben, um eine fehlerfreie Bereitstellung der  Website zu gew\u00e4hrleisten. Andere Daten k\u00f6nnen zur Analyse Ihres  Nutzerverhaltens verwendet werden.<br><br> Welche Rechte haben Sie bez\u00fcglich Ihrer Daten?<br><br> Sie haben jederzeit das Recht unentgeltlich Auskunft \u00fcber Herkunft,  Empf\u00e4nger und Zweck Ihrer gespeicherten personenbezogenen Daten zu  erhalten. Sie haben au\u00dferdem ein Recht, die Berichtigung oder L\u00f6schung  dieser Daten zu verlangen. Hierzu sowie zu weiteren Fragen zum Thema  Datenschutz k\u00f6nnen Sie sich jederzeit unter der im Impressum angegebenen  Adresse an uns wenden. Des Weiteren steht Ihnen ein Beschwerderecht bei  der zust\u00e4ndigen Aufsichtsbeh\u00f6rde zu.<br><br> Au\u00dferdem haben Sie das Recht, unter bestimmten Umst\u00e4nden die  Einschr\u00e4nkung der Verarbeitung Ihrer personenbezogenen Daten zu  verlangen. Details hierzu entnehmen Sie der Datenschutzerkl\u00e4rung unter  \u201eRecht auf Einschr\u00e4nkung der Verarbeitung\u201c.<br><br> Analyse-Tools und Tools von Drittanbietern<br><br> Beim Besuch dieser Website kann Ihr Surf-Verhalten statistisch  ausgewertet werden. Das geschieht vor allem mit Cookies und mit  sogenannten Analyseprogrammen. Die Analyse Ihres Surf-Verhaltens erfolgt  in der Regel anonym; das Surf-Verhalten kann nicht zu Ihnen  zur\u00fcckverfolgt werden.<br><br> Sie k\u00f6nnen dieser Analyse widersprechen oder sie durch die  Nichtbenutzung bestimmter Tools verhindern. Detaillierte Informationen  zu diesen Tools und \u00fcber Ihre Widerspruchsm\u00f6glichkeiten finden Sie in  der folgenden Datenschutzerkl\u00e4rung.<br><br> 2. Hosting<br><br> Externes Hosting<br><br> Diese Website wird bei einem externen Dienstleister gehostet (Hoster).  Personenbezogenen Daten, die auf dieser Website erfasst werden, werden  auf den Servern des Hosters gespeichert. Hierbei kann es sich v. a. um  IP-Adressen, Kontaktanfragen, Meta- und Kommunikationsdaten,  Vertragsdaten, Kontaktdaten, Namen, Webseitenzugriffe und sonstige  Daten, die \u00fcber eine Website generiert werden, handeln.<br><br> Der Einsatz des Hosters erfolgt zum Zwecke der Vertragserf\u00fcllung  gegen\u00fcber unseren potenziellen und bestehenden Kunden (Art. 6 Abs. 1  lit. b DSGVO) und im Interesse einer sicheren, schnellen und effizienten  Bereitstellung unseres Online-Angebots durch einen professionellen  Anbieter (Art. 6 Abs. 1 lit. f DSGVO).<br><br> Unser Hoster wird Ihre Daten nur insoweit verarbeiten, wie dies zur  Erf\u00fcllung seiner Leistungspflichten erforderlich ist und unsere  Weisungen in Bezug auf diese Daten befolgen.<br><br> Unser Hoster: <a href=\"https:\/\/all-inkl.com\/\">https:\/\/all-inkl.com\/<\/a> Datenschutzrichtlinie:<a href=\"https:\/\/all-inkl.com\/datenschutzinformationen\/\"> https:\/\/all-inkl.com\/datenschutzinformationen\/<\/a><br> 3. Allgemeine Hinweise und Pflichtinformationen<br><br> Datenschutz<br><br> Die Betreiber dieser Seiten nehmen den Schutz Ihrer pers\u00f6nlichen Daten  sehr ernst. Wir behandeln Ihre personenbezogenen Daten vertraulich und  entsprechend der gesetzlichen Datenschutzvorschriften sowie dieser  Datenschutzerkl\u00e4rung. Wenn Sie diese Website benutzen, werden  verschiedene personenbezogene Daten erhoben. Personenbezogene Daten sind  Daten, mit denen Sie pers\u00f6nlich identifiziert werden k\u00f6nnen. Die  vorliegende Datenschutzerkl\u00e4rung erl\u00e4utert, welche Daten wir erheben und  wof\u00fcr wir sie nutzen. Sie erl\u00e4utert auch, wie und zu welchem Zweck das  geschieht. Wir weisen darauf hin, dass die Daten\u00fcbertragung im Internet  (z. B. bei der Kommunikation per EMail) Sicherheitsl\u00fccken aufweisen  kann. Ein l\u00fcckenloser Schutz der Daten vor dem Zugriff durch Dritte ist  nicht m\u00f6glich.<br><br> Hinweis zur verantwortlichen Stelle<br><br> Die verantwortliche Stelle f\u00fcr die Datenverarbeitung auf dieser Website ist:<br><br> G\u00f6tz Service GmbH Frickenh\u00e4user Str. 5c 97340 Segnitz<br><br> Inhaltlich Verantwortlicher: Uwe G\u00f6tz und Christian G\u00f6tz (Anschrift s.o.)<br><br> Telefon: +49 (0) 9332 5939514 E-Mail: info@goetzservice.net<br><br> Verantwortliche Stelle ist die nat\u00fcrliche oder juristische Person, die  allein oder gemeinsam mit anderen \u00fcber die Zwecke und Mittel der  Verarbeitung von personenbezogenen Daten (z. B. Namen, E-Mail-Adressen  o. \u00c4.) entscheidet.<br><br> Widerruf Ihrer Einwilligung zur Datenverarbeitung<br><br> Viele Datenverarbeitungsvorg\u00e4nge sind nur mit Ihrer ausdr\u00fccklichen  Einwilligung m\u00f6glich. Sie k\u00f6nnen eine bereits erteilte Einwilligung  jederzeit widerrufen. Dazu reicht eine formlose Mitteilung per E-Mail<br> an uns. Die Rechtm\u00e4\u00dfigkeit der bis zum Widerruf erfolgten Datenverarbeitung bleibt vom Widerruf unber\u00fchrt.<br><br> Widerspruchsrecht gegen die Datenerhebung in besonderen F\u00e4llen sowie gegen Direktwerbung (Art. 21 DSGVO)<br><br> WENN DIE DATENVERARBEITUNG AUF GRUNDLAGE VON ART. 6 ABS. 1 LIT. E ODER F  DSGVO ERFOLGT, HABEN SIE JEDERZEIT DAS RECHT, AUS GR\u00dcNDEN, DIE SICH AUS  IHRER BESONDEREN SITUATION ERGEBEN, GEGEN DIE VERARBEITUNG IHRER  PERSONENBEZOGENEN DATEN WIDERSPRUCH EINZULEGEN; DIES GILT AUCH F\u00dcR EIN  AUF DIESE BESTIMMUNGEN GEST\u00dcTZTES PROFILING. DIE JEWEILIGE  RECHTSGRUNDLAGE, AUF DENEN EINE VERARBEITUNG BERUHT, ENTNEHMEN SIE  DIESER ATENSCHUTZERKL\u00c4RUNG.<br><br> WENN SIE WIDERSPRUCH EINLEGEN, WERDEN WIR IHRE BETROFFENEN  PERSONENBEZOGENEN DATEN NICHT MEHR VERARBEITEN, ES SEI DENN, WIR K\u00d6NNEN  ZWINGENDE SCHUTZW\u00dcRDIGE GR\u00dcNDE F\u00dcR DIE VERARBEITUNG NACHWEISEN, DIE IHRE  INTERESSEN, RECHTE UND FREIHEITEN \u00dcBERWIEGEN ODER DIE VERARBEITUNG  DIENT DER GELTENDMACHUNG, AUS\u00dcBUNG ODER VERTEIDIGUNG VON  RECHTSANSPR\u00dcCHEN (WIDERSPRUCH NACH ART. 21 ABS. 1 DSGVO).<br><br> WERDEN IHRE PERSONENBEZOGENEN DATEN VERARBEITET, UM DIREKTWERBUNG ZU  BETREIBEN, SO HABEN SIE DAS RECHT, JEDERZEIT WIDERSPRUCH GEGEN DIE  VERARBEITUNG SIE BETREFFENDER PERSONENBEZOGENER DATEN ZUM ZWECKE  DERARTIGER WERBUNG EINZULEGEN; DIES GILT AUCH F\u00dcR DAS PROFILING, SOWEIT  ES MIT SOLCHER DIREKTWERBUNG IN VERBINDUNG STEHT. WENN SIE  WIDERSPRECHEN, WERDEN IHRE PERSONENBEZOGENEN DATEN ANSCHLIESSEND NICHT  MEHR ZUM ZWECKE DER DIREKTWERBUNG VERWENDET (WIDERSPRUCH NACH ART. 21  ABS. 2 DSGVO).<br><br> Beschwerderecht bei der zust\u00e4ndigen Aufsichtsbeh\u00f6rde<br><br> Im Falle von Verst\u00f6\u00dfen gegen die DSGVO steht den Betroffenen ein  Beschwerderecht bei einer Aufsichtsbeh\u00f6rde, insbesondere in dem  Mitgliedstaat ihres gew\u00f6hnlichen Aufenthalts, ihres Arbeitsplatzes oder  des Orts des mutma\u00dflichen Versto\u00dfes zu. Das Beschwerderecht besteht  unbeschadet anderweitiger verwaltungsrechtlicher oder gerichtlicher  Rechtsbehelfe.<br><br> Recht auf Daten\u00fcbertragbarkeit<br><br> Sie haben das Recht, Daten, die wir auf Grundlage Ihrer Einwilligung  oder in Erf\u00fcllung eines Vertrags automatisiert verarbeiten, an sich oder  an einen Dritten in einem g\u00e4ngigen, maschinenlesbaren Format  aush\u00e4ndigen zu lassen. Sofern Sie die direkte \u00dcbertragung der Daten an  einen anderen Verantwortlichen verlangen, erfolgt dies nur, soweit es  technisch machbar ist.<br><br> SSL- bzw. TLS-Verschl\u00fcsselung<br><br> Diese Seite nutzt aus Sicherheitsgr\u00fcnden und zum Schutz der \u00dcbertragung  vertraulicher Inhalte, wie zum Beispiel Bestellungen oder Anfragen, die  Sie an uns als Seitenbetreiber senden, eine SSL- bzw.  TLSVerschl\u00fcsselung. Eine verschl\u00fcsselte Verbindung erkennen Sie daran,  dass die Adresszeile des Browsers von \u201ehttp:\/\/\u201c auf \u201ehttps:\/\/\u201c wechselt  und an dem Schloss-Symbol in Ihrer Browserzeile. Wenn die SSL- bzw.  TLS-Verschl\u00fcsselung aktiviert ist, k\u00f6nnen die Daten, die Sie an uns  \u00fcbermitteln, nicht von Dritten mitgelesen werden.<br><br> Auskunft, L\u00f6schung und Berichtigung Sie haben im Rahmen der geltenden  gesetzlichen Bestimmungen jederzeit das Recht auf unentgeltliche  Auskunft \u00fcber Ihre gespeicherten personenbezogenen Daten, deren Herkunft  und Empf\u00e4nger und den Zweck der Datenverarbeitung und ggf. ein Recht  auf Berichtigung oder L\u00f6schung dieser Daten. Hierzu sowie zu weiteren  Fragen zum Thema personenbezogene Daten k\u00f6nnen Sie sich jederzeit unter  der im Impressum angegebenen Adresse an uns wenden.<br><br> Recht auf Einschr\u00e4nkung der Verarbeitung<br><br> Sie haben das Recht, die Einschr\u00e4nkung der Verarbeitung Ihrer  personenbezogenen Daten zu verlangen. Hierzu k\u00f6nnen Sie sich jederzeit  unter der im Impressum angegebenen Adresse an uns wenden. Das Recht auf  Einschr\u00e4nkung der Verarbeitung besteht in folgenden F\u00e4llen: Wenn Sie die  Richtigkeit Ihrer bei uns gespeicherten personenbezogenen Daten  bestreiten, ben\u00f6tigen wir in der Regel Zeit, um dies zu \u00fcberpr\u00fcfen. F\u00fcr  die Dauer der Pr\u00fcfung haben Sie das Recht, die Einschr\u00e4nkung der  Verarbeitung Ihrer personenbezogenen Daten zu verlangen.<br><br> Wenn die Verarbeitung Ihrer personenbezogenen Daten unrechtm\u00e4\u00dfig  geschah\/geschieht, k\u00f6nnen Sie statt der L\u00f6schung die Einschr\u00e4nkung der  Datenverarbeitung verlangen.<br><br> Wenn wir Ihre personenbezogenen Daten nicht mehr ben\u00f6tigen, Sie sie  jedoch zur Aus\u00fcbung, Verteidigung oder Geltendmachung von  Rechtsanspr\u00fcchen ben\u00f6tigen, haben Sie das Recht, statt der L\u00f6schung die  Einschr\u00e4nkung der Verarbeitung Ihrer personenbezogenen Daten zu  verlangen. Wenn Sie einen Widerspruch nach Art. 21 Abs. 1 DSGVO  eingelegt haben, muss eine Abw\u00e4gung zwischen Ihren und unseren  Interessen vorgenommen werden. Solange noch nicht feststeht, wessen  Interessen \u00fcberwiegen, haben Sie das Recht, die Einschr\u00e4nkung der  Verarbeitung Ihrer personenbezogenen Daten zu verlangen.<br><br> Wenn Sie die Verarbeitung Ihrer personenbezogenen Daten eingeschr\u00e4nkt  haben, d\u00fcrfen diese Daten \u2013 von ihrer Speicherung abgesehen \u2013 nur mit  Ihrer Einwilligung oder zur Geltendmachung, Aus\u00fcbung oder Verteidigung  von Rechtsanspr\u00fcchen oder zum Schutz der Rechte einer anderen  nat\u00fcrlichen oder juristischen Person oder aus Gr\u00fcnden eines wichtigen  \u00f6ffentlichen Interesses der Europ\u00e4ischen Union oder eines Mitgliedstaats  verarbeitet werden.<br> 4. Datenerfassung auf dieser Website<br><br> Cookies<br><br> Die Internetseiten verwenden teilweise so genannte Cookies. Cookies  richten auf Ihrem Rechner keinen Schaden an und enthalten keine Viren.  Cookies dienen dazu, unser Angebot nutzerfreundlicher, effektiver und  sicherer zu machen. Cookies sind kleine Textdateien, die auf Ihrem  Rechner abgelegt werden und die Ihr Browser speichert.<br><br> Die meisten der von uns verwendeten Cookies sind so genannte  \u201eSession-Cookies\u201c. Sie werden nach Ende Ihres Besuchs automatisch  gel\u00f6scht. Andere Cookies bleiben auf Ihrem Endger\u00e4t gespeichert bis Sie  diese l\u00f6schen. Diese Cookies erm\u00f6glichen es uns, Ihren Browser beim  n\u00e4chsten Besuch wiederzuerkennen.<br><br> Sie k\u00f6nnen Ihren Browser so einstellen, dass Sie \u00fcber das Setzen von  Cookies informiert werden und Cookies nur im Einzelfall erlauben, die  Annahme von Cookies f\u00fcr bestimmte F\u00e4lle oder generell ausschlie\u00dfen sowie  das automatische L\u00f6schen der Cookies beim Schlie\u00dfen des Browsers  aktivieren. Bei der Deaktivierung von Cookies kann die Funktionalit\u00e4t  dieser Website eingeschr\u00e4nkt sein. Cookies, die zur Durchf\u00fchrung des  elektronischen Kommunikationsvorgangs oder zur Bereitstellung  bestimmter, von Ihnen erw\u00fcnschter Funktionen (z. B. Warenkorbfunktion)  erforderlich sind, werden auf Grundlage von Art. 6 Abs. 1 lit. f DSGVO  gespeichert. Der Websitebetreiber hat ein berechtigtes Interesse an der  Speicherung von Cookies zur technisch fehlerfreien und optimierten  Bereitstellung seiner Dienste.<br><br> Sofern eine entsprechende Einwilligung abgefragt wurde (z. B. eine  Einwilligung zur Speicherung von Cookies), erfolgt die Verarbeitung  ausschlie\u00dflich auf Grundlage von Art. 6 Abs. 1 lit. a DSGVO; die  Einwilligung ist jederzeit widerruf bar.<br><br> Soweit andere Cookies (z. B. Cookies zur Analyse Ihres Surfverhaltens)  gespeichert werden, werden diese in dieser Datenschutzerkl\u00e4rung  gesondert behandelt.<br><br> Server-Log-Dateien<br><br> Der Provider der Seiten erhebt und speichert automatisch Informationen  in so genannten Server-Log- Dateien, die Ihr Browser automatisch an uns  \u00fcbermittelt. Dies sind:<br><br> Browsertyp und Browserversion verwendetes Betriebssystem Referrer URL  Hostname des zugreifenden Rechners Uhrzeit der Serveranfrage IP-Adresse<br><br> Eine Zusammenf\u00fchrung dieser Daten mit anderen Datenquellen wird nicht  vorgenommen. Die Erfassung dieser Daten erfolgt auf Grundlage von Art. 6  Abs. 1 lit. f DSGVO. Der Websitebetreiber hat ein berechtigtes  Interesse an der technisch fehlerfreien Darstellung und der Optimierung  seiner Website \u2013 hierzu m\u00fcssen die Server-Log-Files erfasst werden.<br><br> Kontaktformular<br><br> Wenn Sie uns per Kontaktformular Anfragen zukommen lassen, werden Ihre  Angaben aus dem Anfrageformular inklusive der von Ihnen dort angegebenen  Kontaktdaten zwecks Bearbeitung der Anfrage und f\u00fcr den Fall von  Anschlussfragen bei uns gespeichert. Diese Daten geben wir nicht ohne  Ihre Einwilligung weiter. Die Verarbeitung dieser Daten erfolgt auf  Grundlage von Art. 6 Abs. 1 lit. b DSGVO, sofern Ihre Anfrage mit der  Erf\u00fcllung eines Vertrags zusammenh\u00e4ngt oder zur Durchf\u00fchrung  vorvertraglicher Ma\u00dfnahmen erforderlich ist. In allen \u00fcbrigen F\u00e4llen  beruht die Verarbeitung auf unserem berechtigten Interesse an der  effektiven Bearbeitung der an uns gerichteten Anfragen (Art. 6 Abs. 1  lit. f DSGVO) oder auf Ihrer Einwilligung (Art. 6 Abs. 1 lit. a DSGVO)  sofern diese abgefragt wurde. Die von Ihnen im Kontaktformular  eingegebenen Daten verbleiben bei uns, bis Sie uns zur L\u00f6schung  auffordern, Ihre Einwilligung zur Speicherung widerrufen oder der Zweck  f\u00fcr die Datenspeicherung entf\u00e4llt (z. B. nach abgeschlossener  Bearbeitung Ihrer Anfrage). Zwingende gesetzliche Bestimmungen \u2013  insbesondere Aufbewahrungsfristen \u2013 bleiben unber\u00fchrt.<br><br> Anfrage per E-Mail, Telefon<br><br> Wenn Sie uns per E-Mail, Telefon oder Telefax kontaktieren, wird Ihre  Anfrage inklusive aller daraus hervorgehenden personenbezogenen Daten  (Name, Anfrage) zum Zwecke der Bearbeitung Ihres Anliegens bei uns  gespeichert und verarbeitet. Diese Daten geben wir nicht ohne Ihre  Einwilligung weiter. Die Verarbeitung dieser Daten erfolgt auf Grundlage  von Art. 6 Abs. 1 lit. b DSGVO, sofern Ihre Anfrage mit der Erf\u00fcllung  eines Vertrags zusammenh\u00e4ngt oder zur Durchf\u00fchrung vorvertraglicher  Ma\u00dfnahmen erforderlich ist. In allen \u00fcbrigen F\u00e4llen beruht die  Verarbeitung auf Ihrer Einwilligung (Art. 6 Abs. 1 lit. A DSGVO)  und\/oder auf unseren berechtigten Interessen (Art. 6 Abs. 1 lit. f  DSGVO), da wir ein berechtigtes Interesse an der effektiven Bearbeitung  der an uns gerichteten Anfragen haben. Die von Ihnen an uns per  Kontaktanfragen \u00fcbersandten Daten verbleiben bei uns, bis Sie uns zur  L\u00f6schung auffordern, Ihre Einwilligung zur Speicherung widerrufen oder  der Zweck f\u00fcr die Datenspeicherung entf\u00e4llt (z. B. nach abgeschlossener  Bearbeitung Ihres Anliegens). Zwingende gesetzliche Bestimmungen \u2013  insbesondere gesetzliche Aufbewahrungsfristen \u2013 bleiben unber\u00fchrt.<br><br> 5. Plugins und Tools<br><br> Google Maps (mit Einwilligung)<br><br> Diese Website nutzt \u00fcber eine API den Kartendienst Google Maps.  Anbieterin ist die Google Ireland Limited (\u201eGoogle\u201c), Gordon House,  Barrow Street, Dublin 4, Irland. Um den Datenschutz auf dieser Website  zu gew\u00e4hrleisten, ist Google Maps deaktiviert, wenn Sie diese Website  das erste Mal betreten. Eine direkte Verbindung zu den Servern von  Google wird erst hergestellt, wenn Sie Google Maps selbstst\u00e4ndig  aktivieren (Einwilligung nach Art. 6 Abs. 1 lit. a DSGVO). Auf diese  Weise wird verhindert, dass Ihre Daten schon beim ersten Betreten der  Seite an Google \u00fcbertragen werden. Nach der Aktivierung wird Google Maps  Ihre IP-Adresse speichern. Diese wird anschlie\u00dfend in der Regel an  einen Server von Google in den USA \u00fcbertragen und dort gespeichert. Der  Anbieter dieser Seite hat nachder Aktivierung von Google Maps keinen  Einfluss auf diese Daten\u00fcbertragung. Mehr Informationen zum Umgang mit  Nutzerdaten finden Sie in der Datenschutzerkl\u00e4rung von Google:  https:\/\/www.google.de\/intl\/de\/policies\/privacy\/.                  <\/p>\n","protected":false},"excerpt":{"rendered":"<p>Datenschutzbestimmung 1. Datenschutz auf einen Blick Allgemeine Hinweise Die folgenden Hinweise geben einen einfachen \u00dcberblick dar\u00fcber, was mit Ihren personenbezogenen Daten passiert, wenn Sie diese Website besuchen. Personenbezogene Daten sind alle Daten, mit denen Sie pers\u00f6nlich identifiziert werden k\u00f6nnen. Ausf\u00fchrliche Informationen zum Thema Datenschutz entnehmen Sie unserer unter diesem Text aufgef\u00fchrten Datenschutzerkl\u00e4rung. Datenerfassung auf dieser Website Wer ist verantwortlich f\u00fcr die Datenerfassung auf dieser Website? Die Datenverarbeitung auf dieser Website erfolgt durch den Websitebetreiber. Dessen Kontaktdaten k\u00f6nnen Sie dem Impressum dieser Website entnehmen. Wie erfassen wir Ihre Daten? Ihre Daten werden zum einen dadurch erhoben, dass Sie uns diese mitteilen. Hierbei kann es sich z. B. um Daten handeln, die Sie in ein Kontaktformular eingeben. Andere Daten werden automatisch beim Besuch der Website durch unsere IT-Systeme erfasst. Das sind vor allem technische Daten (z. B. Internetbrowser, Betriebssystem oder Uhrzeit des Seitenaufrufs). Die Erfassung dieser Daten erfolgt automatisch, sobald Sie diese Website betreten. Wof\u00fcr nutzen wir Ihre Daten? Ein Teil der Daten wird erhoben, um eine fehlerfreie Bereitstellung der Website zu gew\u00e4hrleisten. Andere Daten k\u00f6nnen zur Analyse Ihres Nutzerverhaltens verwendet werden. Welche Rechte haben Sie bez\u00fcglich Ihrer Daten? Sie haben jederzeit das Recht unentgeltlich Auskunft \u00fcber Herkunft, Empf\u00e4nger und Zweck Ihrer gespeicherten personenbezogenen Daten zu erhalten. Sie haben au\u00dferdem ein Recht, die Berichtigung oder L\u00f6schung dieser Daten zu verlangen. Hierzu sowie zu weiteren Fragen zum Thema Datenschutz k\u00f6nnen Sie sich jederzeit unter der im Impressum angegebenen Adresse an uns wenden. Des<\/p>\n","protected":false},"author":1,"featured_media":0,"parent":0,"menu_order":0,"comment_status":"closed","ping_status":"closed","template":"","meta":{"footnotes":""},"aioseo_notices":[],"_links":{"self":[{"href":"https:\/\/goetzelektroservice.net\/index.php?rest_route=\/wp\/v2\/pages\/142"}],"collection":[{"href":"https:\/\/goetzelektroservice.net\/index.php?rest_route=\/wp\/v2\/pages"}],"about":[{"href":"https:\/\/goetzelektroservice.net\/index.php?rest_route=\/wp\/v2\/types\/page"}],"author":[{"embeddable":true,"href":"https:\/\/goetzelektroservice.net\/index.php?rest_route=\/wp\/v2\/users\/1"}],"replies":[{"embeddable":true,"href":"https:\/\/goetzelektroservice.net\/index.php?rest_route=%2Fwp%2Fv2%2Fcomments&post=142"}],"version-history":[{"count":1,"href":"https:\/\/goetzelektroservice.net\/index.php?rest_route=\/wp\/v2\/pages\/142\/revisions"}],"predecessor-version":[{"id":143,"href":"https:\/\/goetzelektroservice.net\/index.php?rest_route=\/wp\/v2\/pages\/142\/revisions\/143"}],"wp:attachment":[{"href":"https:\/\/goetzelektroservice.net\/index.php?rest_route=%2Fwp%2Fv2%2Fmedia&parent=142"}],"curies":[{"name":"wp","href":"https:\/\/api.w.org\/{rel}","templated":true}]}}